{"id":5,"date":"2015-07-26T18:34:01","date_gmt":"2015-07-26T18:34:01","guid":{"rendered":"http:\/\/franz-leo-westhoff.de\/?page_id=5"},"modified":"2023-01-13T11:22:20","modified_gmt":"2023-01-13T11:22:20","slug":"der-autor","status":"publish","type":"page","link":"https:\/\/franz-leo-westhoff.de\/","title":{"rendered":"Der Autor"},"content":{"rendered":"<figure id=\"attachment_10\" aria-describedby=\"caption-attachment-10\" style=\"width: 270px\" class=\"wp-caption alignnone\"><a href=\"https:\/\/franz-leo-westhoff.de\/wp-content\/uploads\/2015\/07\/2015_04_18_Sa_14u33_Rosi_Franz_Wertach_Portraits_009a.jpg\"><img loading=\"lazy\" decoding=\"async\" class=\"size-medium wp-image-10\" src=\"https:\/\/franz-leo-westhoff.de\/wp-content\/uploads\/2015\/07\/2015_04_18_Sa_14u33_Rosi_Franz_Wertach_Portraits_009a-270x300.jpg\" alt=\"An der Wertach\" width=\"270\" height=\"300\" srcset=\"https:\/\/franz-leo-westhoff.de\/wp-content\/uploads\/2015\/07\/2015_04_18_Sa_14u33_Rosi_Franz_Wertach_Portraits_009a-270x300.jpg 270w, https:\/\/franz-leo-westhoff.de\/wp-content\/uploads\/2015\/07\/2015_04_18_Sa_14u33_Rosi_Franz_Wertach_Portraits_009a-920x1024.jpg 920w\" sizes=\"auto, (max-width: 270px) 100vw, 270px\" \/><\/a><figcaption id=\"caption-attachment-10\" class=\"wp-caption-text\">An der Wertach<\/figcaption><\/figure>\n<p>Franz-Leo Westhoff, 1951 in Schlo\u00df-Holte, einem Dorf zwischen Bielefeld und Paderborn, geboren, studierte Mathematik und Physik in Bielefeld sowie an den Universit\u00e4ten Lissabon in Portugal, Santander und Granada in Spanien. Er arbeitet im IT Bereich (Computergrafik). Champagner f\u00fcr Cremer ist Westhoffs erster Roman. Er ist verheiratet und Vater zweier T\u00f6chter. Seit \u00fcber drei\u00dfig Jahren lebt er in Augsburg.<\/p>\n","protected":false},"excerpt":{"rendered":"<p>Franz-Leo Westhoff, 1951 in Schlo\u00df-Holte, einem Dorf zwischen Bielefeld und Paderborn, geboren, studierte Mathematik und Physik in Bielefeld sowie an den Universit\u00e4ten Lissabon in Portugal, Santander und Granada in Spanien. Er arbeitet im IT Bereich (Computergrafik). Champagner f\u00fcr Cremer ist Westhoffs erster Roman. Er ist verheiratet und Vater zweier T\u00f6chter. Seit \u00fcber drei\u00dfig Jahren lebt &hellip; <a href=\"https:\/\/franz-leo-westhoff.de\/\" class=\"more-link\"><span class=\"screen-reader-text\">Der Autor<\/span> weiterlesen<\/a><\/p>\n","protected":false},"author":1,"featured_media":0,"parent":0,"menu_order":0,"comment_status":"closed","ping_status":"closed","template":"","meta":{"footnotes":""},"class_list":["post-5","page","type-page","status-publish","hentry"],"_links":{"self":[{"href":"https:\/\/franz-leo-westhoff.de\/index.php?rest_route=\/wp\/v2\/pages\/5","targetHints":{"allow":["GET"]}}],"collection":[{"href":"https:\/\/franz-leo-westhoff.de\/index.php?rest_route=\/wp\/v2\/pages"}],"about":[{"href":"https:\/\/franz-leo-westhoff.de\/index.php?rest_route=\/wp\/v2\/types\/page"}],"author":[{"embeddable":true,"href":"https:\/\/franz-leo-westhoff.de\/index.php?rest_route=\/wp\/v2\/users\/1"}],"replies":[{"embeddable":true,"href":"https:\/\/franz-leo-westhoff.de\/index.php?rest_route=%2Fwp%2Fv2%2Fcomments&post=5"}],"version-history":[{"count":6,"href":"https:\/\/franz-leo-westhoff.de\/index.php?rest_route=\/wp\/v2\/pages\/5\/revisions"}],"predecessor-version":[{"id":82,"href":"https:\/\/franz-leo-westhoff.de\/index.php?rest_route=\/wp\/v2\/pages\/5\/revisions\/82"}],"wp:attachment":[{"href":"https:\/\/franz-leo-westhoff.de\/index.php?rest_route=%2Fwp%2Fv2%2Fmedia&parent=5"}],"curies":[{"name":"wp","href":"https:\/\/api.w.org\/{rel}","templated":true}]}}